{"id":8134,"date":"2022-07-03T09:47:22","date_gmt":"2022-07-03T13:47:22","guid":{"rendered":"https:\/\/tableaineslaval.ca\/la-trcal-la-trcal\/"},"modified":"2022-07-04T05:41:13","modified_gmt":"2022-07-04T09:41:13","slug":"la-trcal-la-trcal","status":"publish","type":"page","link":"https:\/\/tableaineslaval.ca\/en\/la-trcal-la-trcal\/","title":{"rendered":"The Trcal"},"content":{"rendered":"\t\t<div data-elementor-type=\"wp-post\" data-elementor-id=\"8134\" class=\"elementor elementor-8134\" data-elementor-settings=\"{&quot;ha_cmc_init_switcher&quot;:&quot;no&quot;}\" data-elementor-post-type=\"page\">\n\t\t\t\t\t\t<section class=\"elementor-section elementor-top-section elementor-element elementor-element-0adc21e elementor-section-full_width elementor-section-content-middle elementor-section-height-default elementor-section-height-default\" data-id=\"0adc21e\" data-element_type=\"section\" data-e-type=\"section\" id=\"header-image-hero\" data-settings=\"{&quot;background_background&quot;:&quot;classic&quot;,&quot;_ha_eqh_enable&quot;:false}\">\n\t\t\t\t\t\t<div class=\"elementor-container elementor-column-gap-default\">\n\t\t\t\t\t<div class=\"elementor-column elementor-col-50 elementor-top-column elementor-element elementor-element-9f95c46 header-text-hero\" data-id=\"9f95c46\" data-element_type=\"column\" data-e-type=\"column\" data-settings=\"{&quot;background_background&quot;:&quot;classic&quot;}\">\n\t\t\t<div class=\"elementor-widget-wrap elementor-element-populated\">\n\t\t\t\t\t\t<div class=\"elementor-element elementor-element-99c90e8 elementor-widget__width-initial elementor-widget-tablet__width-inherit elementor-widget elementor-widget-heading\" data-id=\"99c90e8\" data-element_type=\"widget\" data-e-type=\"widget\" data-widget_type=\"heading.default\">\n\t\t\t\t<div class=\"elementor-widget-container\">\n\t\t\t\t\t<h2 class=\"elementor-heading-title elementor-size-default\">The Trcal<\/h2>\t\t\t\t<\/div>\n\t\t\t\t<\/div>\n\t\t\t\t\t<\/div>\n\t\t<\/div>\n\t\t\t\t<div class=\"elementor-column elementor-col-50 elementor-top-column elementor-element elementor-element-cfa3dc1 elementor-hidden-tablet elementor-hidden-mobile\" data-id=\"cfa3dc1\" data-element_type=\"column\" data-e-type=\"column\">\n\t\t\t<div class=\"elementor-widget-wrap\">\n\t\t\t\t\t\t\t<\/div>\n\t\t<\/div>\n\t\t\t\t\t<\/div>\n\t\t<\/section>\n\t\t\t\t<section class=\"elementor-section elementor-top-section elementor-element elementor-element-5fd911e elementor-section-full_width elementor-section-content-top elementor-hidden-desktop elementor-section-height-default elementor-section-height-default\" data-id=\"5fd911e\" data-element_type=\"section\" data-e-type=\"section\">\n\t\t\t\t\t\t<div class=\"elementor-container elementor-column-gap-default\">\n\t\t\t\t\t<div class=\"elementor-column elementor-col-100 elementor-top-column elementor-element elementor-element-b6eab9b\" data-id=\"b6eab9b\" data-element_type=\"column\" data-e-type=\"column\" data-settings=\"{&quot;background_background&quot;:&quot;classic&quot;}\">\n\t\t\t<div class=\"elementor-widget-wrap elementor-element-populated\">\n\t\t\t\t\t\t<div class=\"elementor-element elementor-element-73f7dec elementor-nav-menu__align-center elementor-nav-menu--dropdown-mobile elementor-nav-menu--stretch elementor-nav-menu__text-align-center elementor-hidden-desktop menu-w-height elementor-widget elementor-widget-nav-menu\" data-id=\"73f7dec\" data-element_type=\"widget\" data-e-type=\"widget\" data-settings=\"{&quot;layout&quot;:&quot;vertical&quot;,&quot;full_width&quot;:&quot;stretch&quot;,&quot;submenu_icon&quot;:{&quot;value&quot;:&quot;&lt;i class=\\&quot;fas fa-caret-down\\&quot; aria-hidden=\\&quot;true\\&quot;&gt;&lt;\\\/i&gt;&quot;,&quot;library&quot;:&quot;fa-solid&quot;}}\" data-widget_type=\"nav-menu.default\">\n\t\t\t\t<div class=\"elementor-widget-container\">\n\t\t\t\t\t\t\t\t<nav aria-label=\"Menu\" class=\"elementor-nav-menu--main elementor-nav-menu__container elementor-nav-menu--layout-vertical e--pointer-text e--animation-grow\">\n\t\t\t\t<ul id=\"menu-1-73f7dec\" class=\"elementor-nav-menu sm-vertical\"><li class=\"menu-item menu-item-type-custom menu-item-object-custom menu-item-13819\"><a href=\"https:\/\/tableaineslaval.ca\/en\/the-trcal\/#the_trcal\" class=\"elementor-item elementor-item-anchor menu-link\">TRCAL<\/a><\/li>\n<li class=\"menu-item menu-item-type-custom menu-item-object-custom menu-item-13820\"><a href=\"https:\/\/tableaineslaval.ca\/en\/the-trcal\/mandates-action-plans-and-regulations\/#our_mandates\" class=\"elementor-item elementor-item-anchor menu-link\">Mandates, Action Plans and Regulations<\/a><\/li>\n<li class=\"menu-item menu-item-type-custom menu-item-object-custom menu-item-13821\"><a href=\"https:\/\/tableaineslaval.ca\/en\/the-trcal\/consultation-reports\/#reports\" class=\"elementor-item elementor-item-anchor menu-link\">Consultation Reports<\/a><\/li>\n<li class=\"menu-item menu-item-type-post_type menu-item-object-page menu-item-15894\"><a href=\"https:\/\/tableaineslaval.ca\/en\/the-trcal\/annual-reports\/\" class=\"elementor-item menu-link\">Annual reports<\/a><\/li>\n<li class=\"menu-item menu-item-type-custom menu-item-object-custom menu-item-13822\"><a href=\"https:\/\/tableaineslaval.ca\/en\/the-trcal\/the-team\/#team\" class=\"elementor-item elementor-item-anchor menu-link\">The Team<\/a><\/li>\n<li class=\"menu-item menu-item-type-custom menu-item-object-custom menu-item-13823\"><a href=\"https:\/\/tableaineslaval.ca\/en\/the-trcal\/our-members\/#members\" class=\"elementor-item elementor-item-anchor menu-link\">Our Members<\/a><\/li>\n<li class=\"menu-item menu-item-type-custom menu-item-object-custom menu-item-13824\"><a href=\"https:\/\/tableaineslaval.ca\/en\/the-trcal\/become-a-member\/#become_member\" class=\"elementor-item elementor-item-anchor menu-link\">Becoming a Member<\/a><\/li>\n<\/ul>\t\t\t<\/nav>\n\t\t\t\t\t\t<nav class=\"elementor-nav-menu--dropdown elementor-nav-menu__container\" aria-hidden=\"true\">\n\t\t\t\t<ul id=\"menu-2-73f7dec\" class=\"elementor-nav-menu sm-vertical\"><li class=\"menu-item menu-item-type-custom menu-item-object-custom menu-item-13819\"><a href=\"https:\/\/tableaineslaval.ca\/en\/the-trcal\/#the_trcal\" class=\"elementor-item elementor-item-anchor menu-link\" tabindex=\"-1\">TRCAL<\/a><\/li>\n<li class=\"menu-item menu-item-type-custom menu-item-object-custom menu-item-13820\"><a href=\"https:\/\/tableaineslaval.ca\/en\/the-trcal\/mandates-action-plans-and-regulations\/#our_mandates\" class=\"elementor-item elementor-item-anchor menu-link\" tabindex=\"-1\">Mandates, Action Plans and Regulations<\/a><\/li>\n<li class=\"menu-item menu-item-type-custom menu-item-object-custom menu-item-13821\"><a href=\"https:\/\/tableaineslaval.ca\/en\/the-trcal\/consultation-reports\/#reports\" class=\"elementor-item elementor-item-anchor menu-link\" tabindex=\"-1\">Consultation Reports<\/a><\/li>\n<li class=\"menu-item menu-item-type-post_type menu-item-object-page menu-item-15894\"><a href=\"https:\/\/tableaineslaval.ca\/en\/the-trcal\/annual-reports\/\" class=\"elementor-item menu-link\" tabindex=\"-1\">Annual reports<\/a><\/li>\n<li class=\"menu-item menu-item-type-custom menu-item-object-custom menu-item-13822\"><a href=\"https:\/\/tableaineslaval.ca\/en\/the-trcal\/the-team\/#team\" class=\"elementor-item elementor-item-anchor menu-link\" tabindex=\"-1\">The Team<\/a><\/li>\n<li class=\"menu-item menu-item-type-custom menu-item-object-custom menu-item-13823\"><a href=\"https:\/\/tableaineslaval.ca\/en\/the-trcal\/our-members\/#members\" class=\"elementor-item elementor-item-anchor menu-link\" tabindex=\"-1\">Our Members<\/a><\/li>\n<li class=\"menu-item menu-item-type-custom menu-item-object-custom menu-item-13824\"><a href=\"https:\/\/tableaineslaval.ca\/en\/the-trcal\/become-a-member\/#become_member\" class=\"elementor-item elementor-item-anchor menu-link\" tabindex=\"-1\">Becoming a Member<\/a><\/li>\n<\/ul>\t\t\t<\/nav>\n\t\t\t\t\t\t<\/div>\n\t\t\t\t<\/div>\n\t\t\t\t\t<\/div>\n\t\t<\/div>\n\t\t\t\t\t<\/div>\n\t\t<\/section>\n\t\t\t\t<section class=\"elementor-section elementor-top-section elementor-element elementor-element-34bfad1 elementor-section-full_width elementor-section-height-default elementor-section-height-default\" data-id=\"34bfad1\" data-element_type=\"section\" data-e-type=\"section\" id=\"quic_sommes_nous\" data-settings=\"{&quot;background_background&quot;:&quot;classic&quot;,&quot;_ha_eqh_enable&quot;:false}\">\n\t\t\t\t\t\t<div class=\"elementor-container elementor-column-gap-no\">\n\t\t\t\t\t<div class=\"elementor-column elementor-col-50 elementor-top-column elementor-element elementor-element-8005d53 elementor-hidden-tablet elementor-hidden-mobile\" data-id=\"8005d53\" data-element_type=\"column\" data-e-type=\"column\" data-settings=\"{&quot;background_background&quot;:&quot;classic&quot;}\">\n\t\t\t<div class=\"elementor-widget-wrap elementor-element-populated\">\n\t\t\t\t\t\t<div class=\"elementor-element elementor-element-b4897e0 elementor-nav-menu__align-start elementor-widget__width-initial nav-menu-sidebar elementor-hidden-tablet elementor-hidden-mobile elementor-nav-menu--dropdown-tablet elementor-nav-menu__text-align-aside elementor-nav-menu--toggle elementor-nav-menu--burger elementor-widget elementor-widget-nav-menu\" data-id=\"b4897e0\" data-element_type=\"widget\" data-e-type=\"widget\" data-settings=\"{&quot;layout&quot;:&quot;vertical&quot;,&quot;submenu_icon&quot;:{&quot;value&quot;:&quot;&lt;i class=\\&quot;fas fa-caret-down\\&quot; aria-hidden=\\&quot;true\\&quot;&gt;&lt;\\\/i&gt;&quot;,&quot;library&quot;:&quot;fa-solid&quot;},&quot;toggle&quot;:&quot;burger&quot;}\" data-widget_type=\"nav-menu.default\">\n\t\t\t\t<div class=\"elementor-widget-container\">\n\t\t\t\t\t\t\t\t<nav aria-label=\"Menu\" class=\"elementor-nav-menu--main elementor-nav-menu__container elementor-nav-menu--layout-vertical e--pointer-text e--animation-none\">\n\t\t\t\t<ul id=\"menu-1-b4897e0\" class=\"elementor-nav-menu sm-vertical\"><li class=\"menu-item menu-item-type-custom menu-item-object-custom menu-item-13819\"><a href=\"https:\/\/tableaineslaval.ca\/en\/the-trcal\/#the_trcal\" class=\"elementor-item elementor-item-anchor menu-link\">TRCAL<\/a><\/li>\n<li class=\"menu-item menu-item-type-custom menu-item-object-custom menu-item-13820\"><a href=\"https:\/\/tableaineslaval.ca\/en\/the-trcal\/mandates-action-plans-and-regulations\/#our_mandates\" class=\"elementor-item elementor-item-anchor menu-link\">Mandates, Action Plans and Regulations<\/a><\/li>\n<li class=\"menu-item menu-item-type-custom menu-item-object-custom menu-item-13821\"><a href=\"https:\/\/tableaineslaval.ca\/en\/the-trcal\/consultation-reports\/#reports\" class=\"elementor-item elementor-item-anchor menu-link\">Consultation Reports<\/a><\/li>\n<li class=\"menu-item menu-item-type-post_type menu-item-object-page menu-item-15894\"><a href=\"https:\/\/tableaineslaval.ca\/en\/the-trcal\/annual-reports\/\" class=\"elementor-item menu-link\">Annual reports<\/a><\/li>\n<li class=\"menu-item menu-item-type-custom menu-item-object-custom menu-item-13822\"><a href=\"https:\/\/tableaineslaval.ca\/en\/the-trcal\/the-team\/#team\" class=\"elementor-item elementor-item-anchor menu-link\">The Team<\/a><\/li>\n<li class=\"menu-item menu-item-type-custom menu-item-object-custom menu-item-13823\"><a href=\"https:\/\/tableaineslaval.ca\/en\/the-trcal\/our-members\/#members\" class=\"elementor-item elementor-item-anchor menu-link\">Our Members<\/a><\/li>\n<li class=\"menu-item menu-item-type-custom menu-item-object-custom menu-item-13824\"><a href=\"https:\/\/tableaineslaval.ca\/en\/the-trcal\/become-a-member\/#become_member\" class=\"elementor-item elementor-item-anchor menu-link\">Becoming a Member<\/a><\/li>\n<\/ul>\t\t\t<\/nav>\n\t\t\t\t\t<div class=\"elementor-menu-toggle\" role=\"button\" tabindex=\"0\" aria-label=\"Menu Toggle\" aria-expanded=\"false\">\n\t\t\t<i aria-hidden=\"true\" role=\"presentation\" class=\"elementor-menu-toggle__icon--open eicon-menu-bar\"><\/i><i aria-hidden=\"true\" role=\"presentation\" class=\"elementor-menu-toggle__icon--close eicon-close\"><\/i>\t\t<\/div>\n\t\t\t\t\t<nav class=\"elementor-nav-menu--dropdown elementor-nav-menu__container\" aria-hidden=\"true\">\n\t\t\t\t<ul id=\"menu-2-b4897e0\" class=\"elementor-nav-menu sm-vertical\"><li class=\"menu-item menu-item-type-custom menu-item-object-custom menu-item-13819\"><a href=\"https:\/\/tableaineslaval.ca\/en\/the-trcal\/#the_trcal\" class=\"elementor-item elementor-item-anchor menu-link\" tabindex=\"-1\">TRCAL<\/a><\/li>\n<li class=\"menu-item menu-item-type-custom menu-item-object-custom menu-item-13820\"><a href=\"https:\/\/tableaineslaval.ca\/en\/the-trcal\/mandates-action-plans-and-regulations\/#our_mandates\" class=\"elementor-item elementor-item-anchor menu-link\" tabindex=\"-1\">Mandates, Action Plans and Regulations<\/a><\/li>\n<li class=\"menu-item menu-item-type-custom menu-item-object-custom menu-item-13821\"><a href=\"https:\/\/tableaineslaval.ca\/en\/the-trcal\/consultation-reports\/#reports\" class=\"elementor-item elementor-item-anchor menu-link\" tabindex=\"-1\">Consultation Reports<\/a><\/li>\n<li class=\"menu-item menu-item-type-post_type menu-item-object-page menu-item-15894\"><a href=\"https:\/\/tableaineslaval.ca\/en\/the-trcal\/annual-reports\/\" class=\"elementor-item menu-link\" tabindex=\"-1\">Annual reports<\/a><\/li>\n<li class=\"menu-item menu-item-type-custom menu-item-object-custom menu-item-13822\"><a href=\"https:\/\/tableaineslaval.ca\/en\/the-trcal\/the-team\/#team\" class=\"elementor-item elementor-item-anchor menu-link\" tabindex=\"-1\">The Team<\/a><\/li>\n<li class=\"menu-item menu-item-type-custom menu-item-object-custom menu-item-13823\"><a href=\"https:\/\/tableaineslaval.ca\/en\/the-trcal\/our-members\/#members\" class=\"elementor-item elementor-item-anchor menu-link\" tabindex=\"-1\">Our Members<\/a><\/li>\n<li class=\"menu-item menu-item-type-custom menu-item-object-custom menu-item-13824\"><a href=\"https:\/\/tableaineslaval.ca\/en\/the-trcal\/become-a-member\/#become_member\" class=\"elementor-item elementor-item-anchor menu-link\" tabindex=\"-1\">Becoming a Member<\/a><\/li>\n<\/ul>\t\t\t<\/nav>\n\t\t\t\t\t\t<\/div>\n\t\t\t\t<\/div>\n\t\t\t\t\t<\/div>\n\t\t<\/div>\n\t\t\t\t<div class=\"elementor-column elementor-col-50 elementor-top-column elementor-element elementor-element-3a06181\" data-id=\"3a06181\" data-element_type=\"column\" data-e-type=\"column\">\n\t\t\t<div class=\"elementor-widget-wrap elementor-element-populated\">\n\t\t\t\t\t\t<div class=\"elementor-element elementor-element-73b771d elementor-widget elementor-widget-heading\" data-id=\"73b771d\" data-element_type=\"widget\" data-e-type=\"widget\" data-widget_type=\"heading.default\">\n\t\t\t\t<div class=\"elementor-widget-container\">\n\t\t\t\t\t<h2 class=\"elementor-heading-title elementor-size-default\">Who are we?<\/h2>\t\t\t\t<\/div>\n\t\t\t\t<\/div>\n\t\t\t\t<div class=\"elementor-element elementor-element-d7a4b1a elementor-widget elementor-widget-text-editor\" data-id=\"d7a4b1a\" data-element_type=\"widget\" data-e-type=\"widget\" data-widget_type=\"text-editor.default\">\n\t\t\t\t<div class=\"elementor-widget-container\">\n\t\t\t\t\t\t\t\t\t<p>The Table r\u00e9gionale de concertation des a\u00een\u00e9s de Laval (TRCAL) is a regional body dedicated exclusively to seniors. Reporting to the Secr\u00e9tariat aux a\u00een\u00e9s and the Minister responsible for Seniors and Caregivers, the TRCAL carries out consultations on the issues facing Laval&#8217;s senior population. It brings together organizations offering services and activities to seniors in the region and promotes them. The events put forward by the Regional Round Table aim to value and recognize the importance of seniors in the community.<\/p>\t\t\t\t\t\t\t\t<\/div>\n\t\t\t\t<\/div>\n\t\t\t\t<section class=\"elementor-section elementor-inner-section elementor-element elementor-element-b78ab11 elementor-section-full_width elementor-section-height-default elementor-section-height-default\" data-id=\"b78ab11\" data-element_type=\"section\" data-e-type=\"section\" data-settings=\"{&quot;_ha_eqh_enable&quot;:false}\">\n\t\t\t\t\t\t<div class=\"elementor-container elementor-column-gap-default\">\n\t\t\t\t\t<div class=\"elementor-column elementor-col-50 elementor-inner-column elementor-element elementor-element-2ed604f\" data-id=\"2ed604f\" data-element_type=\"column\" data-e-type=\"column\">\n\t\t\t<div class=\"elementor-widget-wrap elementor-element-populated\">\n\t\t\t\t\t\t<div class=\"elementor-element elementor-element-27ac162 elementor-widget elementor-widget-video\" data-id=\"27ac162\" data-element_type=\"widget\" data-e-type=\"widget\" data-settings=\"{&quot;youtube_url&quot;:&quot;https:\\\/\\\/www.youtube.com\\\/watch?v=Onj247twu2Q&amp;t=52s&quot;,&quot;video_type&quot;:&quot;youtube&quot;,&quot;controls&quot;:&quot;yes&quot;}\" data-widget_type=\"video.default\">\n\t\t\t\t<div class=\"elementor-widget-container\">\n\t\t\t\t\t\t\t<div class=\"elementor-wrapper elementor-open-inline\">\n\t\t\t<div class=\"elementor-video\"><\/div>\t\t<\/div>\n\t\t\t\t\t\t<\/div>\n\t\t\t\t<\/div>\n\t\t\t\t\t<\/div>\n\t\t<\/div>\n\t\t\t\t<div class=\"elementor-column elementor-col-50 elementor-inner-column elementor-element elementor-element-7105119\" data-id=\"7105119\" data-element_type=\"column\" data-e-type=\"column\">\n\t\t\t<div class=\"elementor-widget-wrap\">\n\t\t\t\t\t\t\t<\/div>\n\t\t<\/div>\n\t\t\t\t\t<\/div>\n\t\t<\/section>\n\t\t\t\t<section class=\"elementor-section elementor-inner-section elementor-element elementor-element-84d5d09 elementor-section-full_width elementor-section-height-default elementor-section-height-default\" data-id=\"84d5d09\" data-element_type=\"section\" data-e-type=\"section\" data-settings=\"{&quot;_ha_eqh_enable&quot;:false}\">\n\t\t\t\t\t\t<div class=\"elementor-container elementor-column-gap-default\">\n\t\t\t\t\t<div class=\"elementor-column elementor-col-50 elementor-inner-column elementor-element elementor-element-12ef9e4\" data-id=\"12ef9e4\" data-element_type=\"column\" data-e-type=\"column\">\n\t\t\t<div class=\"elementor-widget-wrap elementor-element-populated\">\n\t\t\t\t\t\t<div class=\"elementor-element elementor-element-62e2b59 elementor-widget elementor-widget-heading\" data-id=\"62e2b59\" data-element_type=\"widget\" data-e-type=\"widget\" data-widget_type=\"heading.default\">\n\t\t\t\t<div class=\"elementor-widget-container\">\n\t\t\t\t\t<h3 class=\"elementor-heading-title elementor-size-default\">MISSION<\/h3>\t\t\t\t<\/div>\n\t\t\t\t<\/div>\n\t\t\t\t<div class=\"elementor-element elementor-element-66ab2a8 elementor-widget elementor-widget-text-editor\" data-id=\"66ab2a8\" data-element_type=\"widget\" data-e-type=\"widget\" data-widget_type=\"text-editor.default\">\n\t\t\t\t<div class=\"elementor-widget-container\">\n\t\t\t\t\t\t\t\t\t<p><span style=\"font-weight: 400;\">The mission of the Table r\u00e9gionale de concertation des a\u00een\u00e9s de Laval is to be a regional forum for exchange, consultation and partnership among Laval organizations serving seniors in order to unite their voices to better understand the needs and issues of seniors in the region. The TRCAL also acts as a reference point and information relay to all ministries and authorities concerned with the living conditions of seniors.<\/span><\/p>\t\t\t\t\t\t\t\t<\/div>\n\t\t\t\t<\/div>\n\t\t\t\t\t<\/div>\n\t\t<\/div>\n\t\t\t\t<div class=\"elementor-column elementor-col-50 elementor-inner-column elementor-element elementor-element-099014f\" data-id=\"099014f\" data-element_type=\"column\" data-e-type=\"column\">\n\t\t\t<div class=\"elementor-widget-wrap elementor-element-populated\">\n\t\t\t\t\t\t<div class=\"elementor-element elementor-element-97a54f6 elementor-widget elementor-widget-heading\" data-id=\"97a54f6\" data-element_type=\"widget\" data-e-type=\"widget\" data-widget_type=\"heading.default\">\n\t\t\t\t<div class=\"elementor-widget-container\">\n\t\t\t\t\t<h3 class=\"elementor-heading-title elementor-size-default\">VISION<\/h3>\t\t\t\t<\/div>\n\t\t\t\t<\/div>\n\t\t\t\t<div class=\"elementor-element elementor-element-f5fc211 elementor-widget elementor-widget-text-editor\" data-id=\"f5fc211\" data-element_type=\"widget\" data-e-type=\"widget\" data-widget_type=\"text-editor.default\">\n\t\t\t\t<div class=\"elementor-widget-container\">\n\t\t\t\t\t\t\t\t\t<p><span style=\"font-weight: 400;\">To be the independent and representative body of Laval seniors&#8217; organizations and the leader on all issues related to improving the living conditions of Laval seniors.  <\/span><\/p>\t\t\t\t\t\t\t\t<\/div>\n\t\t\t\t<\/div>\n\t\t\t\t\t<\/div>\n\t\t<\/div>\n\t\t\t\t\t<\/div>\n\t\t<\/section>\n\t\t\t\t\t<\/div>\n\t\t<\/div>\n\t\t\t\t\t<\/div>\n\t\t<\/section>\n\t\t\t\t<\/div>\n\t\t","protected":false},"excerpt":{"rendered":"<p>The Trcal Who are we? The Table r\u00e9gionale de concertation des a\u00een\u00e9s de Laval (TRCAL) is a regional body dedicated exclusively to seniors. Reporting to the Secr\u00e9tariat aux a\u00een\u00e9s and [&hellip;]<\/p>\n","protected":false},"author":3,"featured_media":0,"parent":0,"menu_order":0,"comment_status":"closed","ping_status":"closed","template":"","meta":{"_acf_changed":false,"site-sidebar-layout":"no-sidebar","site-content-layout":"page-builder","ast-site-content-layout":"default","site-content-style":"default","site-sidebar-style":"default","ast-global-header-display":"","ast-banner-title-visibility":"","ast-main-header-display":"","ast-hfb-above-header-display":"","ast-hfb-below-header-display":"","ast-hfb-mobile-header-display":"","site-post-title":"disabled","ast-breadcrumbs-content":"","ast-featured-img":"disabled","footer-sml-layout":"","ast-disable-related-posts":"","theme-transparent-header-meta":"enabled","adv-header-id-meta":"","stick-header-meta":"default","header-above-stick-meta":"","header-main-stick-meta":"","header-below-stick-meta":"","astra-migrate-meta-layouts":"default","ast-page-background-enabled":"default","ast-page-background-meta":{"desktop":{"background-color":"","background-image":"","background-repeat":"repeat","background-position":"center center","background-size":"auto","background-attachment":"scroll","background-type":"","background-media":"","overlay-type":"","overlay-color":"","overlay-opacity":"","overlay-gradient":""},"tablet":{"background-color":"","background-image":"","background-repeat":"repeat","background-position":"center center","background-size":"auto","background-attachment":"scroll","background-type":"","background-media":"","overlay-type":"","overlay-color":"","overlay-opacity":"","overlay-gradient":""},"mobile":{"background-color":"","background-image":"","background-repeat":"repeat","background-position":"center center","background-size":"auto","background-attachment":"scroll","background-type":"","background-media":"","overlay-type":"","overlay-color":"","overlay-opacity":"","overlay-gradient":""}},"ast-content-background-meta":{"desktop":{"background-color":"var(--ast-global-color-5)","background-image":"","background-repeat":"repeat","background-position":"center center","background-size":"auto","background-attachment":"scroll","background-type":"","background-media":"","overlay-type":"","overlay-color":"","overlay-opacity":"","overlay-gradient":""},"tablet":{"background-color":"var(--ast-global-color-5)","background-image":"","background-repeat":"repeat","background-position":"center center","background-size":"auto","background-attachment":"scroll","background-type":"","background-media":"","overlay-type":"","overlay-color":"","overlay-opacity":"","overlay-gradient":""},"mobile":{"background-color":"var(--ast-global-color-5)","background-image":"","background-repeat":"repeat","background-position":"center center","background-size":"auto","background-attachment":"scroll","background-type":"","background-media":"","overlay-type":"","overlay-color":"","overlay-opacity":"","overlay-gradient":""}},"_themeisle_gutenberg_block_has_review":false,"footnotes":""},"class_list":["post-8134","page","type-page","status-publish","hentry"],"acf":[],"_links":{"self":[{"href":"https:\/\/tableaineslaval.ca\/en\/wp-json\/wp\/v2\/pages\/8134","targetHints":{"allow":["GET"]}}],"collection":[{"href":"https:\/\/tableaineslaval.ca\/en\/wp-json\/wp\/v2\/pages"}],"about":[{"href":"https:\/\/tableaineslaval.ca\/en\/wp-json\/wp\/v2\/types\/page"}],"author":[{"embeddable":true,"href":"https:\/\/tableaineslaval.ca\/en\/wp-json\/wp\/v2\/users\/3"}],"replies":[{"embeddable":true,"href":"https:\/\/tableaineslaval.ca\/en\/wp-json\/wp\/v2\/comments?post=8134"}],"version-history":[{"count":3,"href":"https:\/\/tableaineslaval.ca\/en\/wp-json\/wp\/v2\/pages\/8134\/revisions"}],"predecessor-version":[{"id":8394,"href":"https:\/\/tableaineslaval.ca\/en\/wp-json\/wp\/v2\/pages\/8134\/revisions\/8394"}],"wp:attachment":[{"href":"https:\/\/tableaineslaval.ca\/en\/wp-json\/wp\/v2\/media?parent=8134"}],"curies":[{"name":"wp","href":"https:\/\/api.w.org\/{rel}","templated":true}]}}