{"id":8814,"date":"2022-07-05T14:57:28","date_gmt":"2022-07-05T18:57:28","guid":{"rendered":"https:\/\/tableaineslaval.ca\/become-a-member\/"},"modified":"2023-02-09T10:24:23","modified_gmt":"2023-02-09T15:24:23","slug":"become-a-member","status":"publish","type":"page","link":"https:\/\/tableaineslaval.ca\/en\/the-trcal\/become-a-member\/","title":{"rendered":"Become a member"},"content":{"rendered":"\t\t<div data-elementor-type=\"wp-post\" data-elementor-id=\"8814\" class=\"elementor elementor-8814 elementor-8812\" data-elementor-settings=\"{&quot;ha_cmc_init_switcher&quot;:&quot;no&quot;}\" data-elementor-post-type=\"page\">\n\t\t\t\t\t\t<section class=\"elementor-section elementor-top-section elementor-element elementor-element-0adc21e elementor-section-full_width elementor-section-content-middle elementor-section-height-default elementor-section-height-default\" data-id=\"0adc21e\" data-element_type=\"section\" data-e-type=\"section\" id=\"header-image-hero\" data-settings=\"{&quot;background_background&quot;:&quot;classic&quot;,&quot;_ha_eqh_enable&quot;:false}\">\n\t\t\t\t\t\t<div class=\"elementor-container elementor-column-gap-default\">\n\t\t\t\t\t<div class=\"elementor-column elementor-col-50 elementor-top-column elementor-element elementor-element-9f95c46 header-text-hero\" data-id=\"9f95c46\" data-element_type=\"column\" data-e-type=\"column\" data-settings=\"{&quot;background_background&quot;:&quot;classic&quot;}\">\n\t\t\t<div class=\"elementor-widget-wrap elementor-element-populated\">\n\t\t\t\t\t\t<div class=\"elementor-element elementor-element-b1c7046 elementor-hidden-desktop elementor-hidden-tablet elementor-widget elementor-widget-heading\" data-id=\"b1c7046\" data-element_type=\"widget\" data-e-type=\"widget\" data-widget_type=\"heading.default\">\n\t\t\t\t<div class=\"elementor-widget-container\">\n\t\t\t\t\t<h2 class=\"elementor-heading-title elementor-size-default\">About the TRCAL<\/h2>\t\t\t\t<\/div>\n\t\t\t\t<\/div>\n\t\t\t\t<div class=\"elementor-element elementor-element-99c90e8 elementor-widget__width-initial elementor-widget-tablet__width-auto elementor-widget-mobile__width-auto elementor-hidden-mobile elementor-invisible elementor-widget elementor-widget-heading\" data-id=\"99c90e8\" data-element_type=\"widget\" data-e-type=\"widget\" data-settings=\"{&quot;_animation&quot;:&quot;fadeInLeft&quot;}\" data-widget_type=\"heading.default\">\n\t\t\t\t<div class=\"elementor-widget-container\">\n\t\t\t\t\t<h2 class=\"elementor-heading-title elementor-size-default\">About the TRCAL<\/h2>\t\t\t\t<\/div>\n\t\t\t\t<\/div>\n\t\t\t\t\t<\/div>\n\t\t<\/div>\n\t\t\t\t<div class=\"elementor-column elementor-col-50 elementor-top-column elementor-element elementor-element-cfa3dc1 elementor-hidden-tablet elementor-hidden-mobile\" data-id=\"cfa3dc1\" data-element_type=\"column\" data-e-type=\"column\">\n\t\t\t<div class=\"elementor-widget-wrap\">\n\t\t\t\t\t\t\t<\/div>\n\t\t<\/div>\n\t\t\t\t\t<\/div>\n\t\t<\/section>\n\t\t\t\t<section class=\"elementor-section elementor-top-section elementor-element elementor-element-7c84add elementor-section-full_width elementor-section-content-top elementor-hidden-desktop elementor-section-height-default elementor-section-height-default\" data-id=\"7c84add\" data-element_type=\"section\" data-e-type=\"section\">\n\t\t\t\t\t\t<div class=\"elementor-container elementor-column-gap-default\">\n\t\t\t\t\t<div class=\"elementor-column elementor-col-100 elementor-top-column elementor-element elementor-element-8bb01bd\" data-id=\"8bb01bd\" data-element_type=\"column\" data-e-type=\"column\" data-settings=\"{&quot;background_background&quot;:&quot;classic&quot;}\">\n\t\t\t<div class=\"elementor-widget-wrap elementor-element-populated\">\n\t\t\t\t\t\t<div class=\"elementor-element elementor-element-abb0eab elementor-nav-menu__align-center elementor-nav-menu--dropdown-mobile elementor-nav-menu--stretch elementor-nav-menu__text-align-center elementor-hidden-desktop menu-w-height menu-item-borders elementor-widget elementor-widget-nav-menu\" data-id=\"abb0eab\" data-element_type=\"widget\" data-e-type=\"widget\" data-settings=\"{&quot;layout&quot;:&quot;vertical&quot;,&quot;full_width&quot;:&quot;stretch&quot;,&quot;submenu_icon&quot;:{&quot;value&quot;:&quot;&lt;i class=\\&quot;fas fa-caret-down\\&quot; aria-hidden=\\&quot;true\\&quot;&gt;&lt;\\\/i&gt;&quot;,&quot;library&quot;:&quot;fa-solid&quot;}}\" data-widget_type=\"nav-menu.default\">\n\t\t\t\t<div class=\"elementor-widget-container\">\n\t\t\t\t\t\t\t\t<nav aria-label=\"Menu\" class=\"elementor-nav-menu--main elementor-nav-menu__container elementor-nav-menu--layout-vertical e--pointer-text e--animation-none\">\n\t\t\t\t<ul id=\"menu-1-abb0eab\" class=\"elementor-nav-menu sm-vertical\"><li class=\"menu-item menu-item-type-custom menu-item-object-custom menu-item-13819\"><a href=\"https:\/\/tableaineslaval.ca\/en\/the-trcal\/#the_trcal\" class=\"elementor-item elementor-item-anchor menu-link\">TRCAL<\/a><\/li>\n<li class=\"menu-item menu-item-type-custom menu-item-object-custom menu-item-13820\"><a href=\"https:\/\/tableaineslaval.ca\/en\/the-trcal\/mandates-action-plans-and-regulations\/#our_mandates\" class=\"elementor-item elementor-item-anchor menu-link\">Mandates, Action Plans and Regulations<\/a><\/li>\n<li class=\"menu-item menu-item-type-custom menu-item-object-custom menu-item-13821\"><a href=\"https:\/\/tableaineslaval.ca\/en\/the-trcal\/consultation-reports\/#reports\" class=\"elementor-item elementor-item-anchor menu-link\">Consultation Reports<\/a><\/li>\n<li class=\"menu-item menu-item-type-post_type menu-item-object-page menu-item-15894\"><a href=\"https:\/\/tableaineslaval.ca\/en\/the-trcal\/annual-reports\/\" class=\"elementor-item menu-link\">Annual reports<\/a><\/li>\n<li class=\"menu-item menu-item-type-custom menu-item-object-custom menu-item-13822\"><a href=\"https:\/\/tableaineslaval.ca\/en\/the-trcal\/the-team\/#team\" class=\"elementor-item elementor-item-anchor menu-link\">The Team<\/a><\/li>\n<li class=\"menu-item menu-item-type-custom menu-item-object-custom menu-item-13823\"><a href=\"https:\/\/tableaineslaval.ca\/en\/the-trcal\/our-members\/#members\" class=\"elementor-item elementor-item-anchor menu-link\">Our Members<\/a><\/li>\n<li class=\"menu-item menu-item-type-custom menu-item-object-custom menu-item-13824\"><a href=\"https:\/\/tableaineslaval.ca\/en\/the-trcal\/become-a-member\/#become_member\" class=\"elementor-item elementor-item-anchor menu-link\">Becoming a Member<\/a><\/li>\n<\/ul>\t\t\t<\/nav>\n\t\t\t\t\t\t<nav class=\"elementor-nav-menu--dropdown elementor-nav-menu__container\" aria-hidden=\"true\">\n\t\t\t\t<ul id=\"menu-2-abb0eab\" class=\"elementor-nav-menu sm-vertical\"><li class=\"menu-item menu-item-type-custom menu-item-object-custom menu-item-13819\"><a href=\"https:\/\/tableaineslaval.ca\/en\/the-trcal\/#the_trcal\" class=\"elementor-item elementor-item-anchor menu-link\" tabindex=\"-1\">TRCAL<\/a><\/li>\n<li class=\"menu-item menu-item-type-custom menu-item-object-custom menu-item-13820\"><a href=\"https:\/\/tableaineslaval.ca\/en\/the-trcal\/mandates-action-plans-and-regulations\/#our_mandates\" class=\"elementor-item elementor-item-anchor menu-link\" tabindex=\"-1\">Mandates, Action Plans and Regulations<\/a><\/li>\n<li class=\"menu-item menu-item-type-custom menu-item-object-custom menu-item-13821\"><a href=\"https:\/\/tableaineslaval.ca\/en\/the-trcal\/consultation-reports\/#reports\" class=\"elementor-item elementor-item-anchor menu-link\" tabindex=\"-1\">Consultation Reports<\/a><\/li>\n<li class=\"menu-item menu-item-type-post_type menu-item-object-page menu-item-15894\"><a href=\"https:\/\/tableaineslaval.ca\/en\/the-trcal\/annual-reports\/\" class=\"elementor-item menu-link\" tabindex=\"-1\">Annual reports<\/a><\/li>\n<li class=\"menu-item menu-item-type-custom menu-item-object-custom menu-item-13822\"><a href=\"https:\/\/tableaineslaval.ca\/en\/the-trcal\/the-team\/#team\" class=\"elementor-item elementor-item-anchor menu-link\" tabindex=\"-1\">The Team<\/a><\/li>\n<li class=\"menu-item menu-item-type-custom menu-item-object-custom menu-item-13823\"><a href=\"https:\/\/tableaineslaval.ca\/en\/the-trcal\/our-members\/#members\" class=\"elementor-item elementor-item-anchor menu-link\" tabindex=\"-1\">Our Members<\/a><\/li>\n<li class=\"menu-item menu-item-type-custom menu-item-object-custom menu-item-13824\"><a href=\"https:\/\/tableaineslaval.ca\/en\/the-trcal\/become-a-member\/#become_member\" class=\"elementor-item elementor-item-anchor menu-link\" tabindex=\"-1\">Becoming a Member<\/a><\/li>\n<\/ul>\t\t\t<\/nav>\n\t\t\t\t\t\t<\/div>\n\t\t\t\t<\/div>\n\t\t\t\t\t<\/div>\n\t\t<\/div>\n\t\t\t\t\t<\/div>\n\t\t<\/section>\n\t\t\t\t<section class=\"elementor-section elementor-top-section elementor-element elementor-element-34bfad1 elementor-section-full_width elementor-section-height-default elementor-section-height-default\" data-id=\"34bfad1\" data-element_type=\"section\" data-e-type=\"section\" id=\"quic_sommes_nous\" data-settings=\"{&quot;background_background&quot;:&quot;classic&quot;,&quot;_ha_eqh_enable&quot;:false}\">\n\t\t\t\t\t\t<div class=\"elementor-container elementor-column-gap-no\">\n\t\t\t\t\t<div class=\"elementor-column elementor-col-50 elementor-top-column elementor-element elementor-element-8005d53 elementor-hidden-tablet elementor-hidden-mobile col_sticky\" data-id=\"8005d53\" data-element_type=\"column\" data-e-type=\"column\" data-settings=\"{&quot;background_background&quot;:&quot;classic&quot;}\">\n\t\t\t<div class=\"elementor-widget-wrap elementor-element-populated\">\n\t\t\t\t\t\t<div class=\"elementor-element elementor-element-b4897e0 elementor-nav-menu__align-start elementor-widget__width-initial nav-menu-sidebar elementor-hidden-tablet elementor-hidden-mobile elementor-nav-menu--dropdown-tablet elementor-nav-menu__text-align-aside elementor-nav-menu--toggle elementor-nav-menu--burger elementor-widget elementor-widget-nav-menu\" data-id=\"b4897e0\" data-element_type=\"widget\" data-e-type=\"widget\" data-settings=\"{&quot;layout&quot;:&quot;vertical&quot;,&quot;submenu_icon&quot;:{&quot;value&quot;:&quot;&lt;i class=\\&quot;fas fa-caret-down\\&quot; aria-hidden=\\&quot;true\\&quot;&gt;&lt;\\\/i&gt;&quot;,&quot;library&quot;:&quot;fa-solid&quot;},&quot;toggle&quot;:&quot;burger&quot;}\" data-widget_type=\"nav-menu.default\">\n\t\t\t\t<div class=\"elementor-widget-container\">\n\t\t\t\t\t\t\t\t<nav aria-label=\"Menu\" class=\"elementor-nav-menu--main elementor-nav-menu__container elementor-nav-menu--layout-vertical e--pointer-text e--animation-none\">\n\t\t\t\t<ul id=\"menu-1-b4897e0\" class=\"elementor-nav-menu sm-vertical\"><li class=\"menu-item menu-item-type-custom menu-item-object-custom menu-item-13819\"><a href=\"https:\/\/tableaineslaval.ca\/en\/the-trcal\/#the_trcal\" class=\"elementor-item elementor-item-anchor menu-link\">TRCAL<\/a><\/li>\n<li class=\"menu-item menu-item-type-custom menu-item-object-custom menu-item-13820\"><a href=\"https:\/\/tableaineslaval.ca\/en\/the-trcal\/mandates-action-plans-and-regulations\/#our_mandates\" class=\"elementor-item elementor-item-anchor menu-link\">Mandates, Action Plans and Regulations<\/a><\/li>\n<li class=\"menu-item menu-item-type-custom menu-item-object-custom menu-item-13821\"><a href=\"https:\/\/tableaineslaval.ca\/en\/the-trcal\/consultation-reports\/#reports\" class=\"elementor-item elementor-item-anchor menu-link\">Consultation Reports<\/a><\/li>\n<li class=\"menu-item menu-item-type-post_type menu-item-object-page menu-item-15894\"><a href=\"https:\/\/tableaineslaval.ca\/en\/the-trcal\/annual-reports\/\" class=\"elementor-item menu-link\">Annual reports<\/a><\/li>\n<li class=\"menu-item menu-item-type-custom menu-item-object-custom menu-item-13822\"><a href=\"https:\/\/tableaineslaval.ca\/en\/the-trcal\/the-team\/#team\" class=\"elementor-item elementor-item-anchor menu-link\">The Team<\/a><\/li>\n<li class=\"menu-item menu-item-type-custom menu-item-object-custom menu-item-13823\"><a href=\"https:\/\/tableaineslaval.ca\/en\/the-trcal\/our-members\/#members\" class=\"elementor-item elementor-item-anchor menu-link\">Our Members<\/a><\/li>\n<li class=\"menu-item menu-item-type-custom menu-item-object-custom menu-item-13824\"><a href=\"https:\/\/tableaineslaval.ca\/en\/the-trcal\/become-a-member\/#become_member\" class=\"elementor-item elementor-item-anchor menu-link\">Becoming a Member<\/a><\/li>\n<\/ul>\t\t\t<\/nav>\n\t\t\t\t\t<div class=\"elementor-menu-toggle\" role=\"button\" tabindex=\"0\" aria-label=\"Menu Toggle\" aria-expanded=\"false\">\n\t\t\t<i aria-hidden=\"true\" role=\"presentation\" class=\"elementor-menu-toggle__icon--open eicon-menu-bar\"><\/i><i aria-hidden=\"true\" role=\"presentation\" class=\"elementor-menu-toggle__icon--close eicon-close\"><\/i>\t\t<\/div>\n\t\t\t\t\t<nav class=\"elementor-nav-menu--dropdown elementor-nav-menu__container\" aria-hidden=\"true\">\n\t\t\t\t<ul id=\"menu-2-b4897e0\" class=\"elementor-nav-menu sm-vertical\"><li class=\"menu-item menu-item-type-custom menu-item-object-custom menu-item-13819\"><a href=\"https:\/\/tableaineslaval.ca\/en\/the-trcal\/#the_trcal\" class=\"elementor-item elementor-item-anchor menu-link\" tabindex=\"-1\">TRCAL<\/a><\/li>\n<li class=\"menu-item menu-item-type-custom menu-item-object-custom menu-item-13820\"><a href=\"https:\/\/tableaineslaval.ca\/en\/the-trcal\/mandates-action-plans-and-regulations\/#our_mandates\" class=\"elementor-item elementor-item-anchor menu-link\" tabindex=\"-1\">Mandates, Action Plans and Regulations<\/a><\/li>\n<li class=\"menu-item menu-item-type-custom menu-item-object-custom menu-item-13821\"><a href=\"https:\/\/tableaineslaval.ca\/en\/the-trcal\/consultation-reports\/#reports\" class=\"elementor-item elementor-item-anchor menu-link\" tabindex=\"-1\">Consultation Reports<\/a><\/li>\n<li class=\"menu-item menu-item-type-post_type menu-item-object-page menu-item-15894\"><a href=\"https:\/\/tableaineslaval.ca\/en\/the-trcal\/annual-reports\/\" class=\"elementor-item menu-link\" tabindex=\"-1\">Annual reports<\/a><\/li>\n<li class=\"menu-item menu-item-type-custom menu-item-object-custom menu-item-13822\"><a href=\"https:\/\/tableaineslaval.ca\/en\/the-trcal\/the-team\/#team\" class=\"elementor-item elementor-item-anchor menu-link\" tabindex=\"-1\">The Team<\/a><\/li>\n<li class=\"menu-item menu-item-type-custom menu-item-object-custom menu-item-13823\"><a href=\"https:\/\/tableaineslaval.ca\/en\/the-trcal\/our-members\/#members\" class=\"elementor-item elementor-item-anchor menu-link\" tabindex=\"-1\">Our Members<\/a><\/li>\n<li class=\"menu-item menu-item-type-custom menu-item-object-custom menu-item-13824\"><a href=\"https:\/\/tableaineslaval.ca\/en\/the-trcal\/become-a-member\/#become_member\" class=\"elementor-item elementor-item-anchor menu-link\" tabindex=\"-1\">Becoming a Member<\/a><\/li>\n<\/ul>\t\t\t<\/nav>\n\t\t\t\t\t\t<\/div>\n\t\t\t\t<\/div>\n\t\t\t\t\t<\/div>\n\t\t<\/div>\n\t\t\t\t<div class=\"elementor-column elementor-col-50 elementor-top-column elementor-element elementor-element-3a06181\" data-id=\"3a06181\" data-element_type=\"column\" data-e-type=\"column\">\n\t\t\t<div class=\"elementor-widget-wrap elementor-element-populated\">\n\t\t\t\t\t\t<div class=\"elementor-element elementor-element-cb076cb elementor-absolute elementor-widget elementor-widget-menu-anchor\" data-id=\"cb076cb\" data-element_type=\"widget\" data-e-type=\"widget\" data-settings=\"{&quot;_position&quot;:&quot;absolute&quot;}\" data-widget_type=\"menu-anchor.default\">\n\t\t\t\t<div class=\"elementor-widget-container\">\n\t\t\t\t\t\t\t<div class=\"elementor-menu-anchor\" id=\"become_member\"><\/div>\n\t\t\t\t\t\t<\/div>\n\t\t\t\t<\/div>\n\t\t\t\t<div class=\"elementor-element elementor-element-4481f7c elementor-invisible elementor-widget elementor-widget-heading\" data-id=\"4481f7c\" data-element_type=\"widget\" data-e-type=\"widget\" data-settings=\"{&quot;_animation&quot;:&quot;fadeIn&quot;}\" data-widget_type=\"heading.default\">\n\t\t\t\t<div class=\"elementor-widget-container\">\n\t\t\t\t\t<h2 class=\"elementor-heading-title elementor-size-default\">Become a member of the TRCAL<\/h2>\t\t\t\t<\/div>\n\t\t\t\t<\/div>\n\t\t\t\t<div class=\"elementor-element elementor-element-43facbd elementor-invisible elementor-widget elementor-widget-text-editor\" data-id=\"43facbd\" data-element_type=\"widget\" data-e-type=\"widget\" data-settings=\"{&quot;_animation&quot;:&quot;fadeIn&quot;}\" data-widget_type=\"text-editor.default\">\n\t\t\t\t<div class=\"elementor-widget-container\">\n\t\t\t\t\t\t\t\t\t<p>The Table r\u00e9gionale de concertation des a\u00een\u00e9s de Laval has three categories of members: regular members, associate members and individual members.<\/p>\n\t\t\t\t\t\t\t\t<\/div>\n\t\t\t\t<\/div>\n\t\t\t\t<div class=\"elementor-element elementor-element-ab452f4 elementor-invisible elementor-widget elementor-widget-heading\" data-id=\"ab452f4\" data-element_type=\"widget\" data-e-type=\"widget\" data-settings=\"{&quot;_animation&quot;:&quot;fadeInUp&quot;}\" data-widget_type=\"heading.default\">\n\t\t\t\t<div class=\"elementor-widget-container\">\n\t\t\t\t\t<h3 class=\"elementor-heading-title elementor-size-default\">The benefits of being a member of the TRCAL&nbsp;:<\/h3>\t\t\t\t<\/div>\n\t\t\t\t<\/div>\n\t\t\t\t<div class=\"elementor-element elementor-element-d9c828d elementor-invisible elementor-widget elementor-widget-text-editor\" data-id=\"d9c828d\" data-element_type=\"widget\" data-e-type=\"widget\" data-settings=\"{&quot;_animation&quot;:&quot;fadeInUp&quot;}\" data-widget_type=\"text-editor.default\">\n\t\t\t\t<div class=\"elementor-widget-container\">\n\t\t\t\t\t\t\t\t\t<ul>\n<li>To be part of the largest group of associations representing seniors in Laval;<\/li>\n<li>To be consulted and represented with regional and governmental decision makers;<\/li>\n<li>To be informed quickly about available funding for which you may be eligible and receive information about seniors;<\/li>\n<li>To participate in regional consultations on seniors&#8217; issues;<\/li>\n<li>To benefit from visibility on our website and from the announcement of your special activities in our monthly newsletter, on our Facebook page and in our interactive web calendar.<\/li>\n<\/ul>\n\t\t\t\t\t\t\t\t<\/div>\n\t\t\t\t<\/div>\n\t\t\t\t<div class=\"elementor-element elementor-element-808f64b elementor-invisible elementor-widget elementor-widget-text-editor\" data-id=\"808f64b\" data-element_type=\"widget\" data-e-type=\"widget\" data-settings=\"{&quot;_animation&quot;:&quot;fadeIn&quot;}\" data-widget_type=\"text-editor.default\">\n\t\t\t\t<div class=\"elementor-widget-container\">\n\t\t\t\t\t\t\t\t\t<p>A visit to our site will allow you to learn more about the major files regarding seniors in which the TRCAL is involved.<\/p>\n<p>To become a member, please complete the interactive membership application form below. This will be submitted to the TRCAL Board of Directors for approval.<\/p><\/p>\n\t\t\t\t\t\t\t\t<\/div>\n\t\t\t\t<\/div>\n\t\t\t\t<div class=\"elementor-element elementor-element-6617ce7 elementor-icon-list--layout-traditional elementor-list-item-link-full_width elementor-widget elementor-widget-icon-list\" data-id=\"6617ce7\" data-element_type=\"widget\" data-e-type=\"widget\" data-widget_type=\"icon-list.default\">\n\t\t\t\t<div class=\"elementor-widget-container\">\n\t\t\t\t\t\t\t<ul class=\"elementor-icon-list-items\">\n\t\t\t\t\t\t\t<li class=\"elementor-icon-list-item\">\n\t\t\t\t\t\t\t\t\t\t\t<a href=\"https:\/\/tableaineslaval.ca\/wp-content\/uploads\/2023\/02\/TRCAL-formulaire-adhesion-2023-2024.pdf\">\n\n\t\t\t\t\t\t\t\t\t\t\t\t<span class=\"elementor-icon-list-icon\">\n\t\t\t\t\t\t\t<i aria-hidden=\"true\" class=\"fas fa-file-pdf\"><\/i>\t\t\t\t\t\t<\/span>\n\t\t\t\t\t\t\t\t\t\t<span class=\"elementor-icon-list-text\">  Application Form 2023-2024<\/span>\n\t\t\t\t\t\t\t\t\t\t\t<\/a>\n\t\t\t\t\t\t\t\t\t<\/li>\n\t\t\t\t\t\t\t\t<li class=\"elementor-icon-list-item\">\n\t\t\t\t\t\t\t\t\t\t\t<a href=\"https:\/\/tableaineslaval.ca\/wp-content\/uploads\/2023\/02\/TRCAL-formulaire-renouvellement-2023-2024-1.pdf\">\n\n\t\t\t\t\t\t\t\t\t\t\t\t<span class=\"elementor-icon-list-icon\">\n\t\t\t\t\t\t\t<i aria-hidden=\"true\" class=\"fas fa-file-pdf\"><\/i>\t\t\t\t\t\t<\/span>\n\t\t\t\t\t\t\t\t\t\t<span class=\"elementor-icon-list-text\">Membership Renewal Form 2023-2024<\/span>\n\t\t\t\t\t\t\t\t\t\t\t<\/a>\n\t\t\t\t\t\t\t\t\t<\/li>\n\t\t\t\t\t\t<\/ul>\n\t\t\t\t\t\t<\/div>\n\t\t\t\t<\/div>\n\t\t\t\t\t<\/div>\n\t\t<\/div>\n\t\t\t\t\t<\/div>\n\t\t<\/section>\n\t\t\t\t<\/div>\n\t\t","protected":false},"excerpt":{"rendered":"<p>About the TRCAL About the TRCAL Become a member of the TRCAL The Table r\u00e9gionale de concertation des a\u00een\u00e9s de Laval has three categories of members: regular members, associate members [&hellip;]<\/p>\n","protected":false},"author":3,"featured_media":0,"parent":8771,"menu_order":0,"comment_status":"closed","ping_status":"closed","template":"","meta":{"_acf_changed":false,"site-sidebar-layout":"no-sidebar","site-content-layout":"page-builder","ast-site-content-layout":"default","site-content-style":"default","site-sidebar-style":"default","ast-global-header-display":"","ast-banner-title-visibility":"","ast-main-header-display":"","ast-hfb-above-header-display":"","ast-hfb-below-header-display":"","ast-hfb-mobile-header-display":"","site-post-title":"disabled","ast-breadcrumbs-content":"","ast-featured-img":"disabled","footer-sml-layout":"","ast-disable-related-posts":"","theme-transparent-header-meta":"enabled","adv-header-id-meta":"","stick-header-meta":"default","header-above-stick-meta":"","header-main-stick-meta":"","header-below-stick-meta":"","astra-migrate-meta-layouts":"default","ast-page-background-enabled":"default","ast-page-background-meta":{"desktop":{"background-color":"","background-image":"","background-repeat":"repeat","background-position":"center center","background-size":"auto","background-attachment":"scroll","background-type":"","background-media":"","overlay-type":"","overlay-color":"","overlay-opacity":"","overlay-gradient":""},"tablet":{"background-color":"","background-image":"","background-repeat":"repeat","background-position":"center center","background-size":"auto","background-attachment":"scroll","background-type":"","background-media":"","overlay-type":"","overlay-color":"","overlay-opacity":"","overlay-gradient":""},"mobile":{"background-color":"","background-image":"","background-repeat":"repeat","background-position":"center center","background-size":"auto","background-attachment":"scroll","background-type":"","background-media":"","overlay-type":"","overlay-color":"","overlay-opacity":"","overlay-gradient":""}},"ast-content-background-meta":{"desktop":{"background-color":"var(--ast-global-color-5)","background-image":"","background-repeat":"repeat","background-position":"center center","background-size":"auto","background-attachment":"scroll","background-type":"","background-media":"","overlay-type":"","overlay-color":"","overlay-opacity":"","overlay-gradient":""},"tablet":{"background-color":"var(--ast-global-color-5)","background-image":"","background-repeat":"repeat","background-position":"center center","background-size":"auto","background-attachment":"scroll","background-type":"","background-media":"","overlay-type":"","overlay-color":"","overlay-opacity":"","overlay-gradient":""},"mobile":{"background-color":"var(--ast-global-color-5)","background-image":"","background-repeat":"repeat","background-position":"center center","background-size":"auto","background-attachment":"scroll","background-type":"","background-media":"","overlay-type":"","overlay-color":"","overlay-opacity":"","overlay-gradient":""}},"_themeisle_gutenberg_block_has_review":false,"footnotes":""},"class_list":["post-8814","page","type-page","status-publish","hentry"],"acf":[],"_links":{"self":[{"href":"https:\/\/tableaineslaval.ca\/en\/wp-json\/wp\/v2\/pages\/8814","targetHints":{"allow":["GET"]}}],"collection":[{"href":"https:\/\/tableaineslaval.ca\/en\/wp-json\/wp\/v2\/pages"}],"about":[{"href":"https:\/\/tableaineslaval.ca\/en\/wp-json\/wp\/v2\/types\/page"}],"author":[{"embeddable":true,"href":"https:\/\/tableaineslaval.ca\/en\/wp-json\/wp\/v2\/users\/3"}],"replies":[{"embeddable":true,"href":"https:\/\/tableaineslaval.ca\/en\/wp-json\/wp\/v2\/comments?post=8814"}],"version-history":[{"count":11,"href":"https:\/\/tableaineslaval.ca\/en\/wp-json\/wp\/v2\/pages\/8814\/revisions"}],"predecessor-version":[{"id":15222,"href":"https:\/\/tableaineslaval.ca\/en\/wp-json\/wp\/v2\/pages\/8814\/revisions\/15222"}],"up":[{"embeddable":true,"href":"https:\/\/tableaineslaval.ca\/en\/wp-json\/wp\/v2\/pages\/8771"}],"wp:attachment":[{"href":"https:\/\/tableaineslaval.ca\/en\/wp-json\/wp\/v2\/media?parent=8814"}],"curies":[{"name":"wp","href":"https:\/\/api.w.org\/{rel}","templated":true}]}}